{"id":214,"date":"2024-12-02T06:41:47","date_gmt":"2024-12-02T06:41:47","guid":{"rendered":"https:\/\/lena.theloyaltyco.app\/?page_id=214"},"modified":"2025-10-07T06:26:22","modified_gmt":"2025-10-07T05:26:22","slug":"smoked-room-madrid","status":"publish","type":"page","link":"https:\/\/tragabuchesrestaurants.com\/es\/smoked-room-madrid\/","title":{"rendered":"Smoked Room Madrid"},"content":{"rendered":"<section class=\"wpb-content-wrapper\"><p>[vc_section full_width=\u00bbstretch_row\u00bb el_class=\u00bbhero-wrapper\u00bb][vc_row el_class=\u00bbvideosmokedmadrid\u00bb][vc_column el_class=\u00bbcustom-banner-video-wrapper-row\u00bb css=\u00bb.vc_custom_1753714512958{padding-right: 0px !important;padding-left: 0px !important;}\u00bb][vc_column_text]<div class=\"banner_slider\">            <div>\n\n                <video  class=\"videoval\"  width=\"100%\"  playsinline loop autoplay muted>\n                        <source src=\"https:\/\/tragabuchesrestaurants.com\/wp-content\/uploads\/2025\/07\/Smoked-Video-Web-V2.mp4\" type=\"video\/mp4\">\n                      <\/video>                <div class=\"content-box container\">\n                                            <div class=\"main-heading-banner\">\n                            {lang en_GB} SMOKED ROOM MADRID{\/lang}{lang es_ES} SMOKED ROOM MADRID{\/lang}                        <\/div>\n                        <span class=\"star-cricla d-none\"><img decoding=\"async\" src=\"\/wp-content\/uploads\/2025\/03\/star.png\" alt=\"\" title=\"\"><img decoding=\"async\"\n                                src=\"\/wp-content\/uploads\/2025\/03\/star.png\"><\/span>\n                                                                                                        <a class=\"booknow-button\" href=\"{lang en_GB}https:\/\/tragabuchesrestaurants.com\/en\/smoked-room-madrid\/book-a-table\/{\/lang}{lang es_ES}https:\/\/tragabuchesrestaurants.com\/es\/smoked-room-madrid\/book-a-table\/{\/lang}\">{lang en_GB} Book A Table {\/lang}{lang es_ES} Reserva {\/lang}<\/a>\n                                    <\/div>\n\n\n            <\/div>\n        <\/div>[\/vc_column_text][\/vc_column][\/vc_row][\/vc_section][vc_section full_width=\u00bbstretch_row\u00bb el_class=\u00bbmenu-wrapper-box animation-paddings bg-1&#8243; css=\u00bb.vc_custom_1759814311808{background-position: center !important;background-repeat: no-repeat !important;background-size: cover !important;}\u00bb][vc_row content_placement=\u00bbtop\u00bb el_class=\u00bbcontainer\u00bb][vc_column width=\u00bb1\/2&#8243; el_class=\u00bbtheiaStickySidebar left-private-details column-content leftSidebar\u00bb el_id=\u00bbsidebar-nav\u00bb][vc_custom_heading text=\u00bb{lang en_GB} <span>SMOKED ROOM<\/span> MADRID {\/lang}{lang es_ES} SMOKED ROOM MADRID{\/lang}\u00bb font_container=\u00bbtag:h2|text_align:left|color:%23ffffff\u00bb use_theme_fonts=\u00bbyes\u00bb el_class=\u00bbcomman-heading-style\u00bb][vc_column_text content_es_es=\u00bbU21va2VkJTIwUm9vbSUyMHNlJTIwZXNjb25kZSUyMGRlbnRybyUyMGRlJTIwTGUlQzMlQjFhJTIwTWFkcmlkJTJDJTIwY3JlYW5kbyUyMHVuYSUyMGF0bSVDMyVCM3NmZXJhJTIwc3BlYWtlYXN5JTIwZXhjbHVzaXZhJTIweSUyMHNlZHVjdG9yYS4lMjBTb2xvJTIwMTQlMjBjb21lbnNhbGVzJTIwcG9yJTIwc2VydmljaW8uJTIwU29sbyUyMGZ1ZWdvJTJDJTIwaHVtbyUyMHklMjBhbHRhJTIwY29jaW5hLiUyMEVuJTIwZXN0ZSUyMHRlbXBsbyUyMGdhc3Ryb24lQzMlQjNtaWNvJTJDJTIwY2FkYSUyMGRldGFsbGUlMjBpbXBvcnRhLiUwQSUwQVNtb2tlZCUyMFJvb20lMjBoaXpvJTIwaGlzdG9yaWElMjBhbCUyMGVuJTIwY29uc2VndWlyJTIwZG9zJTIwZXN0cmVsbGFzJTIwTWljaGVsaW4lMjBkZSUyMGdvbHBlJTIwZW4lMjBtZW5vcyUyMGRlJTIwc2VpcyUyMG1lc2VzLiUyMEhveSUyQyUyMHNpZ3VlJTIwb2ZyZWNpZW5kbyUyMHVuYSUyMGV4cGVyaWVuY2lhJTIwJUMzJUJBbmljYSUyMGUlMjBpbm9sdmlkYWJsZSUyMGRvbmRlJTIwbGElMjB0JUMzJUE5Y25pY2ElMjBzZSUyMGZ1bmRlJTIwY29uJTIwbGElMjBlbW9jaSVDMyVCM24lMjB5JTIwY2FkYSUyMGJvY2FkbyUyMGRlamElMjBodWVsbGEuJTBBJTBBQXRyJUMzJUE5dmV0ZSUyMGElMjBlbnRyYXIlMjB5JTIwZGVzY3VicmUlMjB1biUyMG11bmRvJTIwZG9uZGUlMjBjYWRhJTIwcGxhdG8lMjBjdWVudGElMjB1bmElMjBoaXN0b3JpYSUyQyUyMGNhZGElMjBzYWJvciUyMHNvcnByZW5kZSUyMHklMjBjYWRhJTIwaW5zdGFudGUlMjBwZXJtYW5lY2UlMjBtdWNobyUyMGRlc3B1JUMzJUE5cyUyMGRlJTIwcXVlJTIwc2UlMjBhcGFndWUlMjBsYSUyMCVDMyVCQWx0aW1hJTIwYnJhc2Eu\u00bb el_class=\u00bbcomman-content\u00bb]<\/p>\n<p data-start=\"32\" data-end=\"248\">Smoked Room is hidden within Le\u00f1a Madrid, creating an exclusive and seductive speakeasy atmosphere. Only 14 diners per service. Only fire, smoke, and haute cuisine. In this gastronomic temple, every detail matters.<\/p>\n<p data-start=\"250\" data-end=\"475\">Smoked Room made history by earning two Michelin stars at once in less than six months. Today, it continues to offer a unique and unforgettable experience where technique blends with emotion, and every bite leaves its mark.<\/p>\n<p data-start=\"477\" data-end=\"633\">Dare to step inside and discover a world where every dish tells a story, every flavor surprises, and every moment lingers long after the last ember fades.<\/p>\n<p>[\/vc_column_text][vc_column_text el_class=\u00bbcomman-content\u00bb][\/vc_column_text][vc_btn title=\u00bbView Menu\u00bb title_es_es=\u00bbVer Men\u00fa\u00bb link_es_es=\u00bburl:https%3A%2F%2Ftragabuchesrestaurants.com%2Fes%2Fsmoked-room-madrid%2Fmenus%2F\u00bb link=\u00bburl:https%3A%2F%2Ftragabuchesrestaurants.com%2Fen%2Fsmoked-room-madrid%2Fmenus%2F\u00bb el_class=\u00bb.comman-btn\u00bb][\/vc_column][vc_column width=\u00bb1\/2&#8243; el_class=\u00bbright-slider-wrapper column-img content\u00bb][vc_gallery interval=\u00bb3&#8243; images=\u00bb3643,3644,3645,3646&#8243; img_size=\u00bbfull\u00bb onclick=\u00bb\u00bb css=\u00bb.vc_custom_1753875961585{background-color: rgba(0,0,0,0.01) !important;*background-color: rgb(0,0,0) !important;}\u00bb][\/vc_column][\/vc_row][\/vc_section][vc_section full_width=\u00bbstretch_row\u00bb el_class=\u00bbprivate-dining-wrapper padding-some-mobile bg-2&#8243;][vc_row el_class=\u00bbcontainer\u00bb][vc_column offset=\u00bbvc_hidden-lg vc_hidden-md vc_col-xs-12&#8243;][vc_custom_heading text=\u00bb{lang en_GB} GROUP DINING {\/lang}{lang es_ES} COMIDA PARA GRUPOS {\/lang}\u00bb font_container=\u00bbtag:h2|text_align:right\u00bb use_theme_fonts=\u00bbyes\u00bb el_class=\u00bbcomman-heading right-heading\u00bb][vc_column_text content_es_es=\u00bbVW4lMjBjb25jZXB0byUyMGV4Y2x1c2l2byUyQyUyMGNvbiUyMGNhcGFjaWRhZCUyMHBhcmElMjAxNCUyMGNvbWVuc2FsZXMlMkMlMjBjZW50cmFkbyUyMGVuJTIwbGElMjBtYWdpYSUyMGRlJTIwbGFzJTIwYnJhc2FzJTIweSUyMGVsJTIwaHVtbyUyQyUyMGluc3BpcmFkbyUyMGVuJTIwbGElMjBmaWxvc29mJUMzJUFEYSUyMGRlJTIwbG9zJTIwY29tZWRvcmVzJTIwdHJhZGljaW9uYWxlcyUyMGphcG9uZXNlcy4lMjBVbiUyMGVzcGFjaW8lMjAlQzMlQURudGltbyUyMHklMjByZWZpbmFkbyUyQyUyMGRvbmRlJTIwY2FkYSUyMGRldGFsbGUlMjBlc3QlQzMlQTElMjBwZW5zYWRvJTIwcGFyYSUyMG9mcmVjZXIlMjB1bmElMjBleHBlcmllbmNpYSUyMGN1bGluYXJpYSUyMCVDMyVCQW5pY2ElMkMlMjBxdWUlMjBmdXNpb25hJTIwbGElMjB0cmFkaWNpJUMzJUIzbiUyMHklMjBsYSUyMG1vZGVybmlkYWQlMjBlbiUyMGNhZGElMjBwbGF0by4lMjBVbiUyMHJlc3RhdXJhbnRlJTIwY29uJTIwZXN0cmVsbGElMjBNaWNoZWxpbiUyMGVuJTIwTWFkcmlkJTIwcXVlJTIwZWxldmElMjBsYSUyMGFsdGElMjBjb2NpbmElMjBhJTIwdHJhdiVDMyVBOXMlMjBkZWwlMjBmdWVnbyUyMHklMjBsYSUyMGV4Y2VsZW5jaWEu\u00bb el_class=\u00bbcomman-content\u00bb]Make your experience truly exclusive by booking Smoked Room in its entirety. Imagine an intimate, elegant space full of character, designed to host only 14 people, creating a close and sophisticated atmosphere, the perfect setting in a Michelin star restaurant in Madrid.[\/vc_column_text][\/vc_column][\/vc_row][vc_row el_class=\u00bbcontainer\u00bb][vc_column width=\u00bb1\/2&#8243; el_class=\u00bbspace_content\u00bb offset=\u00bbvc_col-xs-12&#8243;][vc_empty_space height=\u00bb50px\u00bb][vc_raw_html]JTNDZGl2JTIwY2xhc3MlM0QlMjJnZGdTcXVhcmVJbWclMjIlM0UlMEElMjAlMjAlM0NpbWclMjBzcmMlM0QlMjJodHRwJTNBJTJGJTJGbG9jYWxob3N0JTJGbGVlbmEtbmV3JTJGd3AtY29udGVudCUyRnVwbG9hZHMlMkYyMDI1JTJGMDYlMkZTUl9ncm91cHNfX2hlYWRlci03Njh4MjYxLnBuZyUyMiUyMGFsdCUzRCUyMkltYWdlbiUyMGV4bHVzaXZlJTIwaGlyZSUyMiUzRSUwQSUzQyUyRmRpdiUzRQ==[\/vc_raw_html][vc_custom_heading text=\u00bb{lang en_GB} Exclusive Hire {\/lang}{lang es_ES} Exclusividad {\/lang}\u00bb font_container=\u00bbtag:h4|font_size:18|text_align:left\u00bb use_theme_fonts=\u00bbyes\u00bb css=\u00bb.vc_custom_1759814776293{margin-top: 10px !important;margin-bottom: 10px !important;}\u00bb el_falang_fake=\u00bb\u00bb][vc_column_text content_es_es=\u00bbVW4lMjBjb25jZXB0byUyMGV4Y2x1c2l2byUyQyUyMGNvbiUyMGNhcGFjaWRhZCUyMHBhcmElMjAxNCUyMGNvbWVuc2FsZXMlMkMlMjBjZW50cmFkbyUyMGVuJTIwbGElMjBtYWdpYSUyMGRlJTIwbGFzJTIwYnJhc2FzJTIweSUyMGVsJTIwaHVtbyUyQyUyMGluc3BpcmFkbyUyMGVuJTIwbGElMjBmaWxvc29mJUMzJUFEYSUyMGRlJTIwbG9zJTIwY29tZWRvcmVzJTIwdHJhZGljaW9uYWxlcyUyMGphcG9uZXNlcy4lMjBVbiUyMGVzcGFjaW8lMjAlQzMlQURudGltbyUyMHklMjByZWZpbmFkbyUyQyUyMGRvbmRlJTIwY2FkYSUyMGRldGFsbGUlMjBlc3QlQzMlQTElMjBwZW5zYWRvJTIwcGFyYSUyMG9mcmVjZXIlMjB1bmElMjBleHBlcmllbmNpYSUyMGN1bGluYXJpYSUyMCVDMyVCQW5pY2ElMkMlMjBxdWUlMjBmdXNpb25hJTIwbGElMjB0cmFkaWNpJUMzJUIzbiUyMHklMjBsYSUyMG1vZGVybmlkYWQlMjBlbiUyMGNhZGElMjBwbGF0by4=\u00bb]An exclusive concept, with space for 14 diners, focused on the magic of embers and smoke, inspired by the philosophy of traditional Japanese dining. An intimate and refined space, where every detail is designed to offer a unique culinary experience, blending tradition and modernity in every dish.[\/vc_column_text][vc_empty_space height=\u00bb10px\u00bb][vc_btn title=\u00bbView More\u00bb title_es_es=\u00bbVer M\u00e1s\u00bb link_es_es=\u00bburl:https%3A%2F%2Ftragabuchesrestaurants.com%2Fes%2Fsmoked-room-madrid%2Fgroup-dining%2F|title:GROUP%20DINING%20%26%20EVENTS\u00bb link=\u00bburl:https%3A%2F%2Ftragabuchesrestaurants.com%2Fen%2Fsmoked-room-madrid%2Fgroup-dining%2F|title:GROUP%20DINING%20%26%20EVENTS\u00bb el_class=\u00bb.comman-btn\u00bb][\/vc_column][vc_column width=\u00bb1\/2&#8243; offset=\u00bbvc_hidden-sm vc_hidden-xs\u00bb][vc_custom_heading text=\u00bb{lang en_GB} <span>GROUP <\/span> DINING {\/lang}{lang es_ES} COMIDA PARA GRUPOS {\/lang}\u00bb font_container=\u00bbtag:h2|text_align:right\u00bb use_theme_fonts=\u00bbyes\u00bb el_class=\u00bbcomman-heading right-heading\u00bb][vc_column_text content_es_es=\u00bbVW4lMjBjb25jZXB0byUyMGV4Y2x1c2l2byUyQyUyMGNvbiUyMGNhcGFjaWRhZCUyMHBhcmElMjAxNCUyMGNvbWVuc2FsZXMlMkMlMjBjZW50cmFkbyUyMGVuJTIwbGElMjBtYWdpYSUyMGRlJTIwbGFzJTIwYnJhc2FzJTIweSUyMGVsJTIwaHVtbyUyQyUyMGluc3BpcmFkbyUyMGVuJTIwbGElMjBmaWxvc29mJUMzJUFEYSUyMGRlJTIwbG9zJTIwY29tZWRvcmVzJTIwdHJhZGljaW9uYWxlcyUyMGphcG9uZXNlcy4lMjBVbiUyMGVzcGFjaW8lMjAlQzMlQURudGltbyUyMHklMjByZWZpbmFkbyUyQyUyMGRvbmRlJTIwY2FkYSUyMGRldGFsbGUlMjBlc3QlQzMlQTElMjBwZW5zYWRvJTIwcGFyYSUyMG9mcmVjZXIlMjB1bmElMjBleHBlcmllbmNpYSUyMGN1bGluYXJpYSUyMCVDMyVCQW5pY2ElMkMlMjBxdWUlMjBmdXNpb25hJTIwbGElMjB0cmFkaWNpJUMzJUIzbiUyMHklMjBsYSUyMG1vZGVybmlkYWQlMjBlbiUyMGNhZGElMjBwbGF0by4lMjBVbiUyMHJlc3RhdXJhbnRlJTIwY29uJTIwZXN0cmVsbGElMjBNaWNoZWxpbiUyMGVuJTIwTWFkcmlkJTIwcXVlJTIwZWxldmElMjBsYSUyMGFsdGElMjBjb2NpbmElMjBhJTIwdHJhdiVDMyVBOXMlMjBkZWwlMjBmdWVnbyUyMHklMjBsYSUyMGV4Y2VsZW5jaWEu\u00bb el_class=\u00bbcomman-content\u00bb]Make your experience truly exclusive by booking Smoked Room in its entirety. Imagine an intimate, elegant space full of character, designed to host only 14 people, creating a close and sophisticated atmosphere, the perfect setting in a Michelin star restaurant in Madrid.[\/vc_column_text][\/vc_column][\/vc_row][\/vc_section][vc_section full_width=\u00bbstretch_row\u00bb el_class=\u00bbgift-card-wrapper-box\u00bb css=\u00bb.vc_custom_1751457396706{background-image: url(https:\/\/tragabuchesrestaurants.com\/wp-content\/uploads\/2025\/07\/1226079_Atmosphere_Background_Atmosphere_Layers_1280x720.mp4?id=3013) !important;}\u00bb][vc_row content_placement=\u00bbmiddle\u00bb el_class=\u00bbcontainer\u00bb][vc_column width=\u00bb1\/2&#8243; el_id=\u00bbleft-card-inner\u00bb][vc_custom_heading text=\u00bb<span>GIFT <\/span> CARDS\u00bb font_container=\u00bbtag:h2|text_align:left|color:%23ffffff\u00bb use_theme_fonts=\u00bbyes\u00bb el_class=\u00bbcomman-heading-style\u00bb][vc_column_text content_es_es=\u00bbUG9ycXVlJTIwbm8lMjBoYXklMjBtZWpvciUyMHBsYW4lMjBxdWUlMjBkaXNmcnV0YXIlMjBkZSUyMHVuYSUyMGJ1ZW5hJTIwY29taWRhJTJDJTIwcmVnYWxhJTIwbnVlc3RyYXMlMjBleHBlcmllbmNpYXMlMjBnYXN0cm9uJUMzJUIzbWljYXMlMjBlbiUyME1hZHJpZCUyMHBhcmElMjBkb3Mu\u00bb el_class=\u00bbcomman-content\u00bb]Because there\u2019s no better plan than enjoying a great meal, give the gift of our fine dining experiences in Madrid for two.[\/vc_column_text][vc_btn title=\u00bbGift Experiences\u00bb title_ca=\u00bbTARGETES REGAL CTA\u00bb title_es_es=\u00bbRegala\u00bb link_es_es=\u00bburl:https%3A%2F%2Ftragabuchesrestaurants.com%2Fes%2Fsmoked-room-madrid%2Fshop%2F\u00bb link=\u00bburl:https%3A%2F%2Ftragabuchesrestaurants.com%2Fen%2Fsmoked-room-madrid%2Fshop%2F|target:_blank\u00bb el_class=\u00bb.comman-btn\u00bb][\/vc_column][vc_column width=\u00bb1\/2&#8243; el_class=\u00bbright-card-inner\u00bb][vc_column_text]    <div class=\"slider-two owl-carousel owl-theme\">\n                        <div class=\"item\">\n                    <article>\n                                                <img decoding=\"async\" src=\"https:\/\/tragabuchesrestaurants.com\/wp-content\/uploads\/2025\/07\/BONITO-DEL-NORTE-AHUMADO-scaled.jpg\" alt=\"\" title=\"\">\n                        <div class=\"space_content_comman\">\n                            <h4>{lang en_GB} Hachi Experience {\/lang}{lang es_ES} Hachi Experience {\/lang}<\/h4>\n                            <p> <p><br \/>\nAlta cocina y vinos unidos en un enclave id\u00edlico, todo ello para disfrutar de una experiencia inolvidable en la que el humo y el fuego son el hilo conductor.<\/p>\n<\/p>\n                                                            <div class=\"comman-btn\">\n                                    <a href=\"https:\/\/grupodanigarcia.com\/tienda\/experiencia-gastronomica\/menu-y-bodega-smoked-room-para-dos-personas\/\" target=\"_blank\" rel=\"noopener\">Comprar ahora<\/a>\n                                <\/div>\n                                \n                        <\/div>\n                    <\/article>\n\n\n                <\/div>\n\n                            <div class=\"item\">\n                    <article>\n                                                <img decoding=\"async\" src=\"https:\/\/tragabuchesrestaurants.com\/wp-content\/uploads\/2025\/06\/Home__exp2.png\" alt=\"\" title=\"\">\n                        <div class=\"space_content_comman\">\n                            <h4>{lang en_GB} ju ni Experience {\/lang}{lang es_ES} ju ni Experience {\/lang}<\/h4>\n                            <p> <p><br \/>\nAlta cocina y vinos unidos en un enclave id\u00edlico, todo ello para disfrutar de una experiencia inolvidable en la que el humo y el fuego son el hilo conductor.<\/p>\n<\/p>\n                                                            <div class=\"comman-btn\">\n                                    <a href=\"https:\/\/grupodanigarcia.com\/tienda\/experiencia-gastronomica\/ju-ni-experience-smoked-room\/\" target=\"_blank\" rel=\"noopener\">Comprar ahora<\/a>\n                                <\/div>\n                                \n                        <\/div>\n                    <\/article>\n\n\n                <\/div>\n\n                            <div class=\"item\">\n                    <article>\n                                                <img decoding=\"async\" src=\"https:\/\/tragabuchesrestaurants.com\/wp-content\/uploads\/2025\/06\/Home__exp3.png\" alt=\"\" title=\"\">\n                        <div class=\"space_content_comman\">\n                            <h4>{lang en_GB} shibumi Experience {\/lang}{lang es_ES} shibumi Experience {\/lang}<\/h4>\n                            <p> <p><br \/>\nDisfruta de una experiencia inolvidable para 2 personas en la que el humo y el fuego son los protagonistas de un men\u00fa de 2 Estrellas Michelin y acomp\u00e1\u00f1alo de un maridaje a la altura.<\/p>\n<\/p>\n                                                            <div class=\"comman-btn\">\n                                    <a href=\"https:\/\/grupodanigarcia.com\/tienda\/experiencia-gastronomica\/shibumi-experience-2-pax\/\" target=\"_blank\" rel=\"noopener\">Comprar ahora<\/a>\n                                <\/div>\n                                \n                        <\/div>\n                    <\/article>\n\n\n                <\/div>\n\n            \n    <\/div>\n    [\/vc_column_text][\/vc_column][\/vc_row][\/vc_section][vc_section full_width=\u00bbstretch_row\u00bb el_class=\u00bbleena-story-wrapper white-text\u00bb css=\u00bb.vc_custom_1751457168176{background-color: #000000 !important;background-position: center !important;background-repeat: no-repeat !important;background-size: cover !important;}\u00bb][vc_row content_placement=\u00bbmiddle\u00bb][vc_column width=\u00bb1\/2&#8243; el_class=\u00bbleft-story-slider\u00bb][vc_column_text]<div class=\"slider-three owl-carousel owl-theme\">\n            <div class=\"item\">\n                <figure><img decoding=\"async\" src=\"https:\/\/tragabuchesrestaurants.com\/wp-content\/uploads\/2025\/06\/Instagram-story-2.png\" alt=\"\" title=\"\"><\/figure>\n\n            <\/div>\n        \n            <div class=\"item\">\n                <figure><img decoding=\"async\" src=\"https:\/\/tragabuchesrestaurants.com\/wp-content\/uploads\/2025\/06\/Instagram-story-1-1.png\" alt=\"\" title=\"\"><\/figure>\n\n            <\/div>\n        \n            <div class=\"item\">\n                <figure><img decoding=\"async\" src=\"https:\/\/tragabuchesrestaurants.com\/wp-content\/uploads\/2025\/06\/Instagram-story-1.png\" alt=\"\" title=\"\"><\/figure>\n\n            <\/div>\n        \n            <div class=\"item\">\n                <figure><img decoding=\"async\" src=\"https:\/\/tragabuchesrestaurants.com\/wp-content\/uploads\/2025\/06\/Instagram-story-3.png\" alt=\"\" title=\"\"><\/figure>\n\n            <\/div>\n        <\/div>[\/vc_column_text][\/vc_column][vc_column width=\u00bb1\/2&#8243; el_class=\u00bbright-leena-story\u00bb][vc_custom_heading text=\u00bb{lang en_GB} <span>SMOKED<\/span> ROOM HISTORY {\/lang}{lang es_ES} HISTORIA DE SMOKED ROOM {\/lang}\u00bb font_container=\u00bbtag:h2|text_align:right|color:%232e2e2e\u00bb use_theme_fonts=\u00bbyes\u00bb el_class=\u00bbcomman-heading-style right-after\u00bb][vc_column_text content_es_es=\u00bbRGFuaSUyMEdhcmMlQzMlQURhJTIwZXMlMjBkZSUyMGxvcyUyMGNvY2luZXJvcyUyMGFuZGFsdWNlcyUyMGNvbiUyMG1heW9yJTIwcHJveWVjY2klQzMlQjNuJTIwaW50ZXJuYWNpb25hbC4lMjBEYW5pJTIwY29uc2lndWUlMjBhdW5hciUyMGVuJTIwdW4lMjBtaXNtbyUyMHBsYXRvJTIwbG9zJTIwcHJvZHVjdG9zJTIwJTBBcHJvcGlvcyUyMGRlJTIwc3UlMjB0aWVycmElMkMlMjBqdW50byUyMGNvbiUyMGxhcyUyMHQlQzMlQTljbmljYXMlMjBlJTIwaW5ncmVkaWVudGVzJTIwZGUlMjBsYSUyMGNvY2luYSUyMG0lQzMlQTFzJTIwaW50ZXJuYWNpb25hbC4lMjBTdSUyMHJlc3RhdXJhbnRlJTIwU21va2VkJTIwUm9vbSUyQyUyMGVuJTIwTWFkcmlkJTJDJTIwc2UlMjAlMEFlc3RyZW5hJTIwZW4lMjBsYSUyMGd1JUMzJUFEYSUyME1pY2hlbGluJTIwcmVjaWJpZW5kbyUyMGRlJTIwZ29scGUlMjBkb3MlMjBlc3RyZWxsYXMlMkMlMjB1biUyMHJlY29ub2NpbWllbnRvJTIwcXVlJTIwbm8lMjBjb25zZWd1JUMzJUFEYSUyMG5pbmclQzMlQkFuJTIwZXN0YWJsZWNpbWllbnRvJTIwZGVzZGUlMjAxOTM2LiUyMEFsJTIwY29uc2VndWlyJTIwc2VyJTIwdW4lMjByZXN0YXVyYW50ZSUyMGNvbiUyMHRyZXMlMjBlc3RyZWxsYXMlMjBNaWNoZWxpbiUyMGVuJTIwTWFkcmlkJTJDJTIwYXB1ZXN0YSUyMHBvciUyMGxsZXZhciUyMHN1JTIwY29jaW5hJTIwYWwlMjBtdW5kby4=\u00bb el_class=\u00bbcomman-content\u00bb]Dani Garc\u00eda is one of the Andalusian chefs with the greatest international projection. He manages to combine the products of his<br \/>\nhomeland with the techniques and ingredients of the most international cuisine in a single dish. His restaurant Smoked Room, in Madrid, makes its debut in the Michelin Guide, receiving two stars at once, a recognition no establishment had achieved since 1936. By becoming a three Michelin restaurant in Madrid, he is now focused on taking his cuisine to the world.[\/vc_column_text][vc_btn title=\u00bbRead More\u00bb align=\u00bbright\u00bb title_ca=\u00bbTARGETES REGAL\u00bb title_es_es=\u00bbM\u00e1s Informaci\u00f3n\u00bb link_es_es=\u00bburl:https%3A%2F%2Ftragabuchesrestaurants.com%2Fes%2Fsmoked-room-madrid%2Fabout%2F\u00bb link=\u00bburl:https%3A%2F%2Ftragabuchesrestaurants.com%2Fen%2Fsmoked-room-madrid%2Fabout%2F\u00bb el_class=\u00bbcomman-btn\u00bb][\/vc_column][\/vc_row][vc_row el_class=\u00bbcontact-info-details smoke-room-padding\u00bb][vc_column][vc_row_inner el_class=\u00bbcontainer-fluid one\u00bb][vc_column_inner width=\u00bb1\/3&#8243;][vc_custom_heading text=\u00bb{lang en_GB} Contact us {\/lang}{lang es_ES} Cont\u00e1ctanos {\/lang}\u00bb font_container=\u00bbtag:h2|text_align:center\u00bb use_theme_fonts=\u00bbyes\u00bb][vc_column_text]<a href=\"tel:+34911086277\">+34 911 086 277<\/a>[\/vc_column_text][\/vc_column_inner][vc_column_inner width=\u00bb1\/3&#8243;][vc_custom_heading text=\u00bb{lang en_GB} Location {\/lang}{lang es_ES} Ubicaci\u00f3n {\/lang}\u00bb font_container=\u00bbtag:h2|text_align:center\u00bb use_theme_fonts=\u00bbyes\u00bb][vc_column_text content_es_es=\u00bbSG90ZWwlMjBIeWF0dCUyMFJlZ2VuY3klMjBIZXNwZXJpYSUwQVBhc2VvJTIwZGUlMjBsYSUyMENhc3RlbGxhbmElMjA1NyUwQTI4MDQ2JTIwTWFkcmlk\u00bb]<a href=\"https:\/\/maps.app.goo.gl\/2JsdrdyFQnMmDcsr8\" target=\"_blank\" rel=\"noopener\">Hotel Hyatt Regency Hesperia<\/a><br \/>\nPaseo de la Castellana 57<br \/>\n28046 Madrid[\/vc_column_text][\/vc_column_inner][vc_column_inner width=\u00bb1\/3&#8243;][vc_custom_heading text=\u00bb{lang en_GB} Opening times {\/lang}{lang es_ES} Horario de apertura {\/lang}\u00bb font_container=\u00bbtag:h2|text_align:center\u00bb use_theme_fonts=\u00bbyes\u00bb][vc_column_text content_es_es=\u00bbRGUlMjBNYXJ0ZXMlMjBhJTIwUyVDMyVBMWJhZG9zJTNBJTIwMTMlM0EwMC0xNiUzQTAwJTIweSUyMDIwJTNBMzAtMDElM0EwMA==\u00bb]<b>Tuesday to Saturday: 1pm-4pm and 8:30pm-1am<\/b>[\/vc_column_text][\/vc_column_inner][\/vc_row_inner][vc_row_inner el_class=\u00bbcontainer-fluid two\u00bb][vc_column_inner][vc_custom_heading text=\u00bb\u00bb font_container=\u00bbtag:h6|text_align:center\u00bb use_theme_fonts=\u00bbyes\u00bb][\/vc_column_inner][\/vc_row_inner][\/vc_column][\/vc_row][\/vc_section][vc_section el_class=\u00bbinstagram-wrapper-box\u00bb][vc_row][vc_column][vc_single_image image=\u00bb97&#8243; img_size=\u00bbfull\u00bb alignment=\u00bbcenter\u00bb][\/vc_column][\/vc_row][\/vc_section]<\/p>\n<\/section>","protected":false},"excerpt":{"rendered":"<p>[vc_section full_width=\u00bbstretch_row\u00bb el_class=\u00bbhero-wrapper\u00bb][vc_row el_class=\u00bbvideosmokedmadrid\u00bb][vc_column el_class=\u00bbcustom-banner-video-wrapper-row\u00bb css=\u00bb.vc_custom_1753714512958{padding-right: 0px !important;padding-left: 0px !important;}\u00bb][vc_column_text][\/vc_column_text][\/vc_column][\/vc_row][\/vc_section][vc_section full_width=\u00bbstretch_row\u00bb el_class=\u00bbmenu-wrapper-box animation-paddings bg-1&#8243; css=\u00bb.vc_custom_1759814311808{background-position: center !important;background-repeat: no-repeat !important;background-size: cover !important;}\u00bb][vc_row content_placement=\u00bbtop\u00bb el_class=\u00bbcontainer\u00bb][vc_column width=\u00bb1\/2&#8243; el_class=\u00bbtheiaStickySidebar left-private-details column-content leftSidebar\u00bb el_id=\u00bbsidebar-nav\u00bb][vc_custom_heading text=\u00bb{lang en_GB} SMOKED ROOM MADRID {\/lang}{lang es_ES} SMOKED ROOM MADRID{\/lang}\u00bb font_container=\u00bbtag:h2|text_align:left|color:%23ffffff\u00bb use_theme_fonts=\u00bbyes\u00bb el_class=\u00bbcomman-heading-style\u00bb][vc_column_text content_es_es=\u00bbU21va2VkJTIwUm9vbSUyMHNlJTIwZXNjb25kZSUyMGRlbnRybyUyMGRlJTIwTGUlQzMlQjFhJTIwTWFkcmlkJTJDJTIwY3JlYW5kbyUyMHVuYSUyMGF0bSVDMyVCM3NmZXJhJTIwc3BlYWtlYXN5JTIwZXhjbHVzaXZhJTIweSUyMHNlZHVjdG9yYS4lMjBTb2xvJTIwMTQlMjBjb21lbnNhbGVzJTIwcG9yJTIwc2VydmljaW8uJTIwU29sbyUyMGZ1ZWdvJTJDJTIwaHVtbyUyMHklMjBhbHRhJTIwY29jaW5hLiUyMEVuJTIwZXN0ZSUyMHRlbXBsbyUyMGdhc3Ryb24lQzMlQjNtaWNvJTJDJTIwY2FkYSUyMGRldGFsbGUlMjBpbXBvcnRhLiUwQSUwQVNtb2tlZCUyMFJvb20lMjBoaXpvJTIwaGlzdG9yaWElMjBhbCUyMGVuJTIwY29uc2VndWlyJTIwZG9zJTIwZXN0cmVsbGFzJTIwTWljaGVsaW4lMjBkZSUyMGdvbHBlJTIwZW4lMjBtZW5vcyUyMGRlJTIwc2VpcyUyMG1lc2VzLiUyMEhveSUyQyUyMHNpZ3VlJTIwb2ZyZWNpZW5kbyUyMHVuYSUyMGV4cGVyaWVuY2lhJTIwJUMzJUJBbmljYSUyMGUlMjBpbm9sdmlkYWJsZSUyMGRvbmRlJTIwbGElMjB0JUMzJUE5Y25pY2ElMjBzZSUyMGZ1bmRlJTIwY29uJTIwbGElMjBlbW9jaSVDMyVCM24lMjB5JTIwY2FkYSUyMGJvY2FkbyUyMGRlamElMjBodWVsbGEuJTBBJTBBQXRyJUMzJUE5dmV0ZSUyMGElMjBlbnRyYXIlMjB5JTIwZGVzY3VicmUlMjB1biUyMG11bmRvJTIwZG9uZGUlMjBjYWRhJTIwcGxhdG8lMjBjdWVudGElMjB1bmElMjBoaXN0b3JpYSUyQyUyMGNhZGElMjBzYWJvciUyMHNvcnByZW5kZSUyMHklMjBjYWRhJTIwaW5zdGFudGUlMjBwZXJtYW5lY2UlMjBtdWNobyUyMGRlc3B1JUMzJUE5cyUyMGRlJTIwcXVlJTIwc2UlMjBhcGFndWUlMjBsYSUyMCVDMyVCQWx0aW1hJTIwYnJhc2Eu\u00bb el_class=\u00bbcomman-content\u00bb] Smoked Room is hidden within Le\u00f1a Madrid, creating an exclusive and&hellip; <a class=\"more-link\" href=\"https:\/\/tragabuchesrestaurants.com\/es\/smoked-room-madrid\/\">Continue reading <span class=\"screen-reader-text\">Smoked Room Madrid<\/span><\/a><\/p>\n","protected":false},"author":1,"featured_media":0,"parent":0,"menu_order":0,"comment_status":"closed","ping_status":"closed","template":"","meta":{"footnotes":""},"class_list":["post-214","page","type-page","status-publish","hentry","entry"],"_links":{"self":[{"href":"https:\/\/tragabuchesrestaurants.com\/es\/wp-json\/wp\/v2\/pages\/214","targetHints":{"allow":["GET"]}}],"collection":[{"href":"https:\/\/tragabuchesrestaurants.com\/es\/wp-json\/wp\/v2\/pages"}],"about":[{"href":"https:\/\/tragabuchesrestaurants.com\/es\/wp-json\/wp\/v2\/types\/page"}],"author":[{"embeddable":true,"href":"https:\/\/tragabuchesrestaurants.com\/es\/wp-json\/wp\/v2\/users\/1"}],"replies":[{"embeddable":true,"href":"https:\/\/tragabuchesrestaurants.com\/es\/wp-json\/wp\/v2\/comments?post=214"}],"version-history":[{"count":215,"href":"https:\/\/tragabuchesrestaurants.com\/es\/wp-json\/wp\/v2\/pages\/214\/revisions"}],"predecessor-version":[{"id":4244,"href":"https:\/\/tragabuchesrestaurants.com\/es\/wp-json\/wp\/v2\/pages\/214\/revisions\/4244"}],"wp:attachment":[{"href":"https:\/\/tragabuchesrestaurants.com\/es\/wp-json\/wp\/v2\/media?parent=214"}],"curies":[{"name":"wp","href":"https:\/\/api.w.org\/{rel}","templated":true}]}}