{"id":4636,"date":"2025-10-23T15:15:14","date_gmt":"2025-10-23T14:15:14","guid":{"rendered":"https:\/\/tragabuchesrestaurants.com\/en\/?page_id=4636"},"modified":"2026-03-13T09:35:09","modified_gmt":"2026-03-13T09:35:09","slug":"whats-on","status":"publish","type":"page","link":"https:\/\/tragabuchesrestaurants.com\/es\/marbella\/whats-on\/","title":{"rendered":"What&#8217;s On"},"content":{"rendered":"<section class=\"wpb-content-wrapper\"><p>[vc_section full_width=\u00bbstretch_row\u00bb el_class=\u00bbhero-wrapper inner-page-hero\u00bb css=\u00bb.vc_custom_1762341826445{background-image: url(http:\/\/tragabuchesrestaurants.com\/wp-content\/uploads\/2025\/11\/TBMARB_group-dining__header-2.webp?id=4778) !important;background-position: center !important;background-repeat: no-repeat !important;background-size: cover !important;}\u00bb][vc_row][vc_column][vc_custom_heading text=\u00bbWhat&#8217;s On\u00bb font_container=\u00bbtag:h1|text_align:left|color:%235f6824&#8243; use_theme_fonts=\u00bbyes\u00bb el_class=\u00bbgdgSMh1&#8243; el_falang_fake=\u00bb\u00bb][\/vc_column][\/vc_row][\/vc_section][vc_section el_class=\u00bbpvt-single-menu-wrapper\u00bb][vc_row el_class=\u00bbcontainer-fluid\u00bb][vc_column][vc_column_text]        <style>\n            \/* Forzar que las columnas de Visual Composer se comporten como Flexbox *\/\n            .whaton_listed_page.vc_row {\n                display: flex;\n                flex-wrap: wrap;\n            }\n            \n            .whaton_listed_page .wpb_column {\n                display: flex;\n            }\n\n            .whaton_listed_page .vc_column-inner {\n                display: flex;\n                flex-direction: column;\n                width: 100%;\n            }\n\n            .whaton_listed_page .wpb_wrapper {\n                display: flex;\n                flex-direction: column;\n                flex-grow: 1; \/* Esto estira el contenido para igualar alturas *\/\n                height: 100%;\n                \/* Opcional: a\u00f1ade un fondo o padding si quieres que se vea la caja *\/\n            }\n\n            \/* Empuja el bot\u00f3n al final de la caja *\/\n            .whaton_listed_page .vc_btn3-container {\n                margin-top: auto;\n                padding-top: 15px;\n            }\n        <\/style>\n\n        <div class=\"whatson_list\">\n            <div class=\"whaton_listed_page vc_row wpb_row vc_row-fluid\">\n                                    <div class=\"wpb_column vc_column_container vc_col-sm-4 mb-4\">\n                        <div class=\"vc_column-inner\">\n                            <div class=\"wpb_wrapper\">\n                                <img decoding=\"async\" width=\"1707\" height=\"2000\" src=\"https:\/\/tragabuchesrestaurants.com\/wp-content\/uploads\/2025\/11\/Cuna-de-tortilla-de-patatas-1-scaled-e1763637803375.jpg\" class=\"attachment-full size-full wp-post-image\" alt=\"\" srcset=\"https:\/\/tragabuchesrestaurants.com\/wp-content\/uploads\/2025\/11\/Cuna-de-tortilla-de-patatas-1-scaled-e1763637803375.jpg 1707w, https:\/\/tragabuchesrestaurants.com\/wp-content\/uploads\/2025\/11\/Cuna-de-tortilla-de-patatas-1-scaled-e1763637803375-256x300.jpg 256w, https:\/\/tragabuchesrestaurants.com\/wp-content\/uploads\/2025\/11\/Cuna-de-tortilla-de-patatas-1-scaled-e1763637803375-874x1024.jpg 874w, https:\/\/tragabuchesrestaurants.com\/wp-content\/uploads\/2025\/11\/Cuna-de-tortilla-de-patatas-1-scaled-e1763637803375-768x900.jpg 768w, https:\/\/tragabuchesrestaurants.com\/wp-content\/uploads\/2025\/11\/Cuna-de-tortilla-de-patatas-1-scaled-e1763637803375-1311x1536.jpg 1311w, https:\/\/tragabuchesrestaurants.com\/wp-content\/uploads\/2025\/11\/Cuna-de-tortilla-de-patatas-1-scaled-e1763637803375-1568x1837.jpg 1568w\" sizes=\"(max-width: 1707px) 100vw, 1707px\" style=\"width:100%;height:117.16%;max-width:1707px;\" title=\"\">                                <h4>Barra de Tapas<\/h4>\n                                <h5><\/h5>\n                                <p>Nuestra barra es ese lugar donde todo ocurre.<\/p>\n                                \n                                <div class=\"vc_btn3-container comman-btn vc_btn3-inline\">\n                                    <a href=\"https:\/\/tragabuchesrestaurants.com\/es\/marbella\/whats-on\/tapas-at-tragabuches\/\">\n                                        {lang en_GB} View More  {\/lang}{lang es_ES} Ver M\u00e1s {\/lang}                                    <\/a>\n                                <\/div>\n                            <\/div>\n                        <\/div>\n                    <\/div>\n                                    <div class=\"wpb_column vc_column_container vc_col-sm-4 mb-4\">\n                        <div class=\"vc_column-inner\">\n                            <div class=\"wpb_wrapper\">\n                                <img decoding=\"async\" width=\"658\" height=\"384\" src=\"https:\/\/tragabuchesrestaurants.com\/wp-content\/uploads\/2026\/02\/TB_whats-on_SV-3.jpg\" class=\"attachment-full size-full wp-post-image\" alt=\"\" srcset=\"https:\/\/tragabuchesrestaurants.com\/wp-content\/uploads\/2026\/02\/TB_whats-on_SV-3.jpg 658w, https:\/\/tragabuchesrestaurants.com\/wp-content\/uploads\/2026\/02\/TB_whats-on_SV-3-300x175.jpg 300w\" sizes=\"(max-width: 658px) 100vw, 658px\" style=\"width:100%;height:58.36%;max-width:658px;\" title=\"\">                                <h4>La Molinera x Tragabuches<\/h4>\n                                <h5><\/h5>\n                                <p>El pr\u00f3ximo 19 de marzo, Tragabuches Marbella abre su cocina para un encuentro muy especial en horario de almuerzo junto&hellip;<\/p>\n                                \n                                <div class=\"vc_btn3-container comman-btn vc_btn3-inline\">\n                                    <a href=\"https:\/\/tragabuchesrestaurants.com\/es\/marbella\/whats-on\/la-molinera-x-tragabuches\/\">\n                                        {lang en_GB} View More  {\/lang}{lang es_ES} Ver M\u00e1s {\/lang}                                    <\/a>\n                                <\/div>\n                            <\/div>\n                        <\/div>\n                    <\/div>\n                                    <div class=\"wpb_column vc_column_container vc_col-sm-4 mb-4\">\n                        <div class=\"vc_column-inner\">\n                            <div class=\"wpb_wrapper\">\n                                <img decoding=\"async\" width=\"411\" height=\"350\" src=\"https:\/\/tragabuchesrestaurants.com\/wp-content\/uploads\/2025\/10\/TBMARB_MENUS_snacks.png\" class=\"attachment-full size-full wp-post-image\" alt=\"\" srcset=\"https:\/\/tragabuchesrestaurants.com\/wp-content\/uploads\/2025\/10\/TBMARB_MENUS_snacks.png 411w, https:\/\/tragabuchesrestaurants.com\/wp-content\/uploads\/2025\/10\/TBMARB_MENUS_snacks-300x255.png 300w\" sizes=\"(max-width: 411px) 100vw, 411px\" style=\"width:100%;height:85.16%;max-width:411px;\" title=\"\">                                <h4>La Barra de Cuatro<\/h4>\n                                <h5><\/h5>\n                                <p>\u201cLa Barra de Cuatro\u201d, la nueva propuesta gastron\u00f3mica de Tragabuches, referente de la alta gastronom\u00eda malague\u00f1a, que rinde homenaje al&hellip;<\/p>\n                                \n                                <div class=\"vc_btn3-container comman-btn vc_btn3-inline\">\n                                    <a href=\"https:\/\/tragabuchesrestaurants.com\/es\/marbella\/whats-on\/la-barra-de-cuatro\/\">\n                                        {lang en_GB} View More  {\/lang}{lang es_ES} Ver M\u00e1s {\/lang}                                    <\/a>\n                                <\/div>\n                            <\/div>\n                        <\/div>\n                    <\/div>\n                            <\/div>\n\n            <div class=\"pagination\">\n                            <\/div>\n        <\/div>\n\n        <script>\n            jQuery(document).ready(function ($) {\n                $(document).on('click', '.pagination a', function (e) {\n                    e.preventDefault();\n                    var href = $(this).attr('href');\n                    var match = href.match(\/page\\\/(\\d+)\/);\n                    if (match && match[1]) {\n                        load_posts(match[1]);\n                    }\n                });\n\n                function load_posts(page) {\n                    $.ajax({\n                        url: 'https:\/\/tragabuchesrestaurants.com\/wp-admin\/admin-ajax.php',\n                        type: 'POST',\n                        data: {\n                            action: 'load_posts',\n                            page: page,\n                            ptype: \"marbellawhatson\"\n                        },\n                        beforeSend: function () {\n                            $('.whatson_list').addClass('loading');\n                        },\n                        success: function (data) {\n                            $('.whatson_list').html(data);\n                        },\n                        complete: function () {\n                            $('.whatson_list').removeClass('loading');\n                        }\n                    });\n                }\n            });\n        <\/script>\n        [\/vc_column_text][\/vc_column][\/vc_row][\/vc_section]<\/p>\n<\/section>","protected":false},"excerpt":{"rendered":"<p>[vc_section full_width=\u00bbstretch_row\u00bb el_class=\u00bbhero-wrapper inner-page-hero\u00bb css=\u00bb.vc_custom_1762341826445{background-image: url(http:\/\/tragabuchesrestaurants.com\/wp-content\/uploads\/2025\/11\/TBMARB_group-dining__header-2.webp?id=4778) !important;background-position: center !important;background-repeat: no-repeat !important;background-size: cover !important;}\u00bb][vc_row][vc_column][vc_custom_heading text=\u00bbWhat&#8217;s On\u00bb font_container=\u00bbtag:h1|text_align:left|color:%235f6824&#8243; use_theme_fonts=\u00bbyes\u00bb el_class=\u00bbgdgSMh1&#8243; el_falang_fake=\u00bb\u00bb][\/vc_column][\/vc_row][\/vc_section][vc_section el_class=\u00bbpvt-single-menu-wrapper\u00bb][vc_row el_class=\u00bbcontainer-fluid\u00bb][vc_column][vc_column_text][\/vc_column_text][\/vc_column][\/vc_row][\/vc_section]<\/p>\n","protected":false},"author":5,"featured_media":0,"parent":1171,"menu_order":0,"comment_status":"closed","ping_status":"closed","template":"","meta":{"footnotes":""},"class_list":["post-4636","page","type-page","status-publish","hentry","entry"],"_links":{"self":[{"href":"https:\/\/tragabuchesrestaurants.com\/es\/wp-json\/wp\/v2\/pages\/4636","targetHints":{"allow":["GET"]}}],"collection":[{"href":"https:\/\/tragabuchesrestaurants.com\/es\/wp-json\/wp\/v2\/pages"}],"about":[{"href":"https:\/\/tragabuchesrestaurants.com\/es\/wp-json\/wp\/v2\/types\/page"}],"author":[{"embeddable":true,"href":"https:\/\/tragabuchesrestaurants.com\/es\/wp-json\/wp\/v2\/users\/5"}],"replies":[{"embeddable":true,"href":"https:\/\/tragabuchesrestaurants.com\/es\/wp-json\/wp\/v2\/comments?post=4636"}],"version-history":[{"count":11,"href":"https:\/\/tragabuchesrestaurants.com\/es\/wp-json\/wp\/v2\/pages\/4636\/revisions"}],"predecessor-version":[{"id":4638,"href":"https:\/\/tragabuchesrestaurants.com\/es\/wp-json\/wp\/v2\/pages\/4636\/revisions\/4638"}],"up":[{"embeddable":true,"href":"https:\/\/tragabuchesrestaurants.com\/es\/wp-json\/wp\/v2\/pages\/1171"}],"wp:attachment":[{"href":"https:\/\/tragabuchesrestaurants.com\/es\/wp-json\/wp\/v2\/media?parent=4636"}],"curies":[{"name":"wp","href":"https:\/\/api.w.org\/{rel}","templated":true}]}}